{"id":5273,"date":"2024-05-13T16:37:07","date_gmt":"2024-05-13T13:37:07","guid":{"rendered":"https:\/\/cerore.com\/?post_type=product&#038;p=5273"},"modified":"2025-01-15T17:20:35","modified_gmt":"2025-01-15T14:20:35","slug":"bar-onu-seramik-karo-citasi-gold-10x100","status":"publish","type":"product","link":"https:\/\/cerore.com\/en\/product\/bar-onu-seramik-karo-citasi-gold-10x100\/","title":{"rendered":"Bar \u00d6n\u00fc Seramik Karo \u00c7\u0131tas\u0131 Gold 10&#215;100 CM"},"content":{"rendered":"<p style=\"text-align: left;\"><span style=\"font-size: 18px;\"><strong>Cerore Seramik Bar \u00d6n\u00fc Seramik Karo \u00c7\u0131tas\u0131\u00a0<\/strong><\/span><\/p>\n<p>Bar \u00d6n\u00fc Seramik Karo \u00c7\u0131tas\u0131 Gold ve G\u00fcm\u00fc\u015f olarak iki renk se\u00e7ene\u011fi ile \u00fcretilmekte ve sat\u0131\u015fa sunulmaktad\u0131r iki renk \u00fcr\u00fcn de hem 10&#215;50 cm hem de 10&#215;100 cm olarak sat\u0131n al\u0131nabilmektedir. \u00c7\u0131talar\u0131m\u0131z birinci kalite Al\u00fcminyum ham maddeler kullan\u0131larak \u00fcretilmektedir ve bar \u00f6n\u00fc seramik karolar\u0131m\u0131zla birebir uyumludur.<\/p>\n<p style=\"text-align: left;\">Her bir Al\u00fcminyum Bar \u00d6n\u00fc Seramik Karo \u00c7\u0131tas\u0131 10&#215;100 cm ebatlar\u0131ndad\u0131r.<\/p>\n<p>1 m<sup>2<\/sup> de 10 adet Al\u00fcminyum \u00e7\u0131ta kullan\u0131lmaktad\u0131r<\/p>\n<p>Adet olarak sat\u0131\u015f\u0131 yap\u0131lmaktad\u0131r.<\/p>\n<p>Stok Durumunu Mutlaka Sorunuz. Stok D\u0131\u015f\u0131 \u00dcr\u00fcnlerin \u00dcretim Ve Teslimi 18-20 G\u00fcn Aras\u0131ndad\u0131r<\/p>\n<p>&nbsp;<\/p>\n<p style=\"text-align: left;\"><span style=\"font-size: 18px;\"><strong>Bar \u00d6n\u00fc Seramik Karo \u00c7\u0131talar\u0131m\u0131z\u0131n Uygulama ve Kullan\u0131m Alanlar\u0131<\/strong><\/span><\/p>\n<ul>\n<li style=\"text-align: left;\">Bar \u00d6n\u00fc Serisi karolar\u0131m\u0131z\u0131n uyguland\u0131\u011f\u0131 her alan ve y\u00fczeyde tam uyumlulukla bar \u00f6n\u00fc seramik karo \u00e7\u0131talar\u0131m\u0131z\u0131 kullanabilirsiniz.<\/li>\n<li>\u00dcr\u00fcnlerimizin \u00fczerinde kullan\u0131mdan dolay\u0131 olu\u015facak kirleri ve ya\u011flar\u0131 temizlik dostu malzemeler ile temizleyiniz. Tuz ruhu, kire\u00e7 \u00e7\u00f6z\u00fcc\u00fc gibi \u00e7ok a\u011f\u0131r asitler bar\u0131nd\u0131ran temizlik \u00fcr\u00fcnlerini kesinlikle kullanmay\u0131n\u0131z.<\/li>\n<\/ul>\n","protected":false},"excerpt":{"rendered":"<ul>\n<li>CS-001-1 Cerore Seramik Bar \u00d6n\u00fc Seramik Karo \u00c7\u0131tas\u0131 1 adet 10&#215;100 CM<\/li>\n<li>\u00dcr\u00fcn Bar \u00d6n\u00fc Seramik \u00dcr\u00fcn Grubumuzla Tam Uyumlu Olarak \u00dcretilmektedir.<\/li>\n<li>1 m<sup>2<\/sup> alan i\u00e7in 10 Adet \u00dcr\u00fcn Sat\u0131n Al\u0131nmal\u0131d\u0131r<\/li>\n<\/ul>\n","protected":false},"featured_media":5277,"comment_status":"closed","ping_status":"closed","template":"","meta":[],"product_brand":[],"product_cat":[399],"product_tag":[412,411,407,402,414,415,400,413,403],"class_list":{"0":"post-5273","1":"product","2":"type-product","3":"status-publish","4":"has-post-thumbnail","6":"product_cat-bar","7":"product_tag-aluminyum-bar-onu-citasi","8":"product_tag-aluminyum-seramik-karo-citasi","9":"product_tag-bar-onu-kaplama","10":"product_tag-bar-onu-karo","11":"product_tag-bar-onu-seramik-citasi","12":"product_tag-bar-onu-seramik-citasi-10x100-cm","13":"product_tag-bar-onu-seramik-karo","14":"product_tag-bar-onu-seramik-karo-citasi","15":"product_tag-cerore-bar-onu-seramikleri","16":"product_shipping_class-1-adet","18":"first","19":"instock","20":"sale","21":"taxable","22":"shipping-taxable","23":"purchasable","24":"product-type-simple"},"_links":{"self":[{"href":"https:\/\/cerore.com\/en\/wp-json\/wp\/v2\/product\/5273","targetHints":{"allow":["GET"]}}],"collection":[{"href":"https:\/\/cerore.com\/en\/wp-json\/wp\/v2\/product"}],"about":[{"href":"https:\/\/cerore.com\/en\/wp-json\/wp\/v2\/types\/product"}],"replies":[{"embeddable":true,"href":"https:\/\/cerore.com\/en\/wp-json\/wp\/v2\/comments?post=5273"}],"wp:featuredmedia":[{"embeddable":true,"href":"https:\/\/cerore.com\/en\/wp-json\/wp\/v2\/media\/5277"}],"wp:attachment":[{"href":"https:\/\/cerore.com\/en\/wp-json\/wp\/v2\/media?parent=5273"}],"wp:term":[{"taxonomy":"product_brand","embeddable":true,"href":"https:\/\/cerore.com\/en\/wp-json\/wp\/v2\/product_brand?post=5273"},{"taxonomy":"product_cat","embeddable":true,"href":"https:\/\/cerore.com\/en\/wp-json\/wp\/v2\/product_cat?post=5273"},{"taxonomy":"product_tag","embeddable":true,"href":"https:\/\/cerore.com\/en\/wp-json\/wp\/v2\/product_tag?post=5273"}],"curies":[{"name":"wp","href":"https:\/\/api.w.org\/{rel}","templated":true}]}}