{"id":4402,"date":"2023-03-10T16:37:05","date_gmt":"2023-03-10T13:37:05","guid":{"rendered":"https:\/\/cerore.com\/?post_type=product&#038;p=4402"},"modified":"2025-01-15T17:19:29","modified_gmt":"2025-01-15T14:19:29","slug":"10x10-modern-desenli-karolar-cerore-csmk-1-05","status":"publish","type":"product","link":"https:\/\/cerore.com\/en\/product\/10x10-modern-desenli-karolar-cerore-csmk-1-05\/","title":{"rendered":"10&#215;10 Modern Desenli Karolar Cerore Seramik CSMK-1-05"},"content":{"rendered":"<p style=\"text-align: left;\"><span style=\"font-size: 18px;\"><strong>Cerore 10&#215;10 Modern Desenli Karolar <\/strong><\/span><\/p>\n<p style=\"text-align: left;\">Cerore Seramik Modern Desenli Karolar e\u015fsiz desen ve renk se\u00e7enekleriyle t\u00fcm mekanlar\u0131n\u0131za h\u00fckmederek stilin ve tarz\u0131n sizi yans\u0131tan t\u00fcm dokunu\u015flar\u0131yla mekanlar\u0131n\u0131z\u0131 \u015f\u0131kl\u0131kla bulu\u015fturacak. Meksika Karolar\u0131m\u0131z T\u00fcm mekanlarda Zemin ve Duvarda kullan\u0131ma uygun olarak \u00fcretilmektedirler.<\/p>\n<p>10&#215;10 ebatlar\u0131nda 1 <span style=\"font-size: 13.3333px;\">adet<\/span>\u00a0\u00fcr\u00fcn fiyat\u0131d\u0131r<br \/>\n1 m<sup>2<\/sup> de 100 adet karo bulunmaktad\u0131r<\/p>\n<p><strong>Sipari\u015f \u00fczerine\u00a0<\/strong>\u00fcretimi yap\u0131lmaktad\u0131r. Genellikle\u00a0<strong>12-20<\/strong>\u00a0g\u00fcn aras\u0131nda g\u00f6nderime haz\u0131r hale gelmektedir.<\/p>\n<p style=\"text-align: left;\"><span style=\"font-size: 18px;\"><strong>Modern Desenli Karolar\u0131m\u0131z\u0131n Kullan\u0131m\u0131 ve Kullan\u0131m Alanlar\u0131<\/strong><\/span><\/p>\n<ul>\n<li style=\"text-align: left;\">Modern Desenli Karolar\u0131m\u0131z Evinizin Mutfak ve Banyo gibi alanlar\u0131nda kullan\u0131labilmektedir.<\/li>\n<li style=\"text-align: left;\">Modern Desenli Karolar\u0131m\u0131z zeminde veya duvarda kullan\u0131ma uygundur.<\/li>\n<li style=\"text-align: left;\">Modern Desenli Karolar\u0131m\u0131z Hamam, Spa, Sauna ve Kurna Arkas\u0131 uygulamas\u0131 olarak Kullan\u0131labilmektedir.<\/li>\n<li style=\"text-align: left;\">\u00dcr\u00fcn Boyutu 10&#215;10 cm dir.<\/li>\n<li>\u00dcr\u00fcn Kal\u0131nl\u0131\u011f\u0131 0.7 cm dir.<\/li>\n<\/ul>\n","protected":false},"excerpt":{"rendered":"<ul>\n<li>Cerore Seramik 10X10 Modern Desenli Karolar<\/li>\n<li>\u00dcr\u00fcn zeminde veya duvarda kullan\u0131ma uygundur.<\/li>\n<li>m<sup>2<\/sup> Olarak da Sat\u0131\u015f\u0131 Yap\u0131labilmektedir m<sup>2<\/sup> de 100 Adet \u00dcr\u00fcn Bulunmaktad\u0131r<\/li>\n<li><strong>Sipari\u015f \u00fczerine\u00a0<\/strong>\u00fcretimi yap\u0131lmaktad\u0131r. Genellikle\u00a0<strong>12-20<\/strong>\u00a0g\u00fcn aras\u0131nda g\u00f6nderime haz\u0131r hale gelmektedir.<\/li>\n<\/ul>\n","protected":false},"featured_media":4403,"comment_status":"closed","ping_status":"closed","template":"","meta":[],"product_brand":[],"product_cat":[230],"product_tag":[306,206,207,111,208,307,209,211,212],"class_list":{"0":"post-4402","1":"product","2":"type-product","3":"status-publish","4":"has-post-thumbnail","6":"product_cat-10x10mdk","7":"product_tag-10x10-modern-desenli-karolar","8":"product_tag-dekoratifyerkarolari","9":"product_tag-desenlikaro","10":"product_tag-karo","11":"product_tag-kutahyacini","12":"product_tag-modern-desenli-karolar","13":"product_tag-modernyerkarolari","14":"product_tag-yerkarolari","15":"product_tag-yerkarosu","16":"product_shipping_class-1-adet","18":"first","19":"instock","20":"sale","21":"taxable","22":"shipping-taxable","23":"purchasable","24":"product-type-simple"},"_links":{"self":[{"href":"https:\/\/cerore.com\/en\/wp-json\/wp\/v2\/product\/4402","targetHints":{"allow":["GET"]}}],"collection":[{"href":"https:\/\/cerore.com\/en\/wp-json\/wp\/v2\/product"}],"about":[{"href":"https:\/\/cerore.com\/en\/wp-json\/wp\/v2\/types\/product"}],"replies":[{"embeddable":true,"href":"https:\/\/cerore.com\/en\/wp-json\/wp\/v2\/comments?post=4402"}],"wp:featuredmedia":[{"embeddable":true,"href":"https:\/\/cerore.com\/en\/wp-json\/wp\/v2\/media\/4403"}],"wp:attachment":[{"href":"https:\/\/cerore.com\/en\/wp-json\/wp\/v2\/media?parent=4402"}],"wp:term":[{"taxonomy":"product_brand","embeddable":true,"href":"https:\/\/cerore.com\/en\/wp-json\/wp\/v2\/product_brand?post=4402"},{"taxonomy":"product_cat","embeddable":true,"href":"https:\/\/cerore.com\/en\/wp-json\/wp\/v2\/product_cat?post=4402"},{"taxonomy":"product_tag","embeddable":true,"href":"https:\/\/cerore.com\/en\/wp-json\/wp\/v2\/product_tag?post=4402"}],"curies":[{"name":"wp","href":"https:\/\/api.w.org\/{rel}","templated":true}]}}