{"id":4203,"date":"2023-01-16T17:20:58","date_gmt":"2023-01-16T14:20:58","guid":{"rendered":"https:\/\/cerore.com\/?post_type=product&#038;p=4203"},"modified":"2025-11-26T22:15:25","modified_gmt":"2025-11-26T19:15:25","slug":"balik-pulu-karo-tarcin-cerore-seramik-cs-01-4","status":"publish","type":"product","link":"https:\/\/cerore.com\/en\/product\/balik-pulu-karo-tarcin-cerore-seramik-cs-01-4\/","title":{"rendered":"Bal\u0131k Pulu Karo Tar\u00e7\u0131n &#8211; Cerore Seramik CS-01-4"},"content":{"rendered":"<p style=\"text-align: left;\"><span style=\"font-size: 18px;\"><strong>Cerore Seramik Bal\u0131k Pulu Tar\u00e7\u0131n Karo<\/strong><\/span><\/p>\n<p>Cerore Seramik Bal\u0131k Pulu Karolar\u0131m\u0131z e\u015fsiz desen ve renk se\u00e7enekleriyle t\u00fcm mekanlar\u0131n\u0131za h\u00fckmederek stilin ve tarz\u0131n sizi yans\u0131tan t\u00fcm dokunu\u015flar\u0131yla mekanlar\u0131n\u0131z\u0131 \u015f\u0131kl\u0131kla bulu\u015fturacak. T\u00fcm mekanlarda Zemin ve Duvarda kullan\u0131ma uygun olarak \u00fcretilmektedirler.<\/p>\n<p style=\"text-align: left;\">17&#215;17 cm ebatlar\u0131nda 1 adet \u00fcr\u00fcn fiyat\u0131d\u0131r<\/p>\n<p>1 m<sup>2<\/sup> de 75 adet karo bulunmaktad\u0131r<\/p>\n<p>Arka taraf\u0131 mat seramik tabanl\u0131 t\u0131rt\u0131kl\u0131 olup \u00f6n y\u00fcz\u00fc\u00a0 parlak yada mat olarak tercih edilebilir.<\/p>\n<p>\u00d6zel RAL Koduyla \u0130stenilen renkte \u00fcretim yap\u0131labilmektedir.<\/p>\n<p style=\"text-align: left;\"><span style=\"font-size: 18px;\"><strong>Bal\u0131k Pulu Seramik Karolar\u0131m\u0131z\u0131n Uygulama ve Kullan\u0131m Alanlar\u0131<\/strong><\/span><\/p>\n<ul>\n<li style=\"text-align: left;\">Bal\u0131k Pulu karolar\u0131m\u0131z Evinizin Mutfak ve Banyo gibi alanlar\u0131nda kullan\u0131labilmektedir.<\/li>\n<li style=\"text-align: left;\">Bal\u0131k Pulu karolar\u0131m\u0131z\u0131n d\u00fcz modelleri zeminde ve duvarda kullan\u0131ma uygundur. \u015eekilli, Parlak ve kabart\u0131l\u0131 olan\u00a0 modellerimizin duvarlar da kullan\u0131lmas\u0131 \u00f6nerilmekte olup zeminde kullan\u0131lmas\u0131 tavsiye edilmemektedir.<\/li>\n<li style=\"text-align: left;\">Hamam, Spa, Sauna ve Kurna Arkas\u0131 uygulamas\u0131 olarak Kullan\u0131labilmektedir.<\/li>\n<li>\u00dcr\u00fcnlerimizin genelinde artistik bir s\u0131r olan \u00e7atlak s\u0131r kullanmaktay\u0131z. Bu k\u0131lcal \u00e7atlamalar uygulamadan sonra da devam edebilir.<\/li>\n<li>\u00dcr\u00fcnlerimizi flex, derz, dolgu ve seramik yap\u0131\u015ft\u0131r\u0131c\u0131s\u0131 ile i\u00e7 mekanlar\u0131n\u0131zdaki \u0131slak veya kuru alanlarda \u00e7ok rahatl\u0131kla kullanabilirsiniz.<\/li>\n<li>Seramiklerin \u00fczerinde kullan\u0131mdan dolay\u0131 olu\u015facak kirleri ve ya\u011flar\u0131 temizlik dostu malzemeler ile temizleyiniz. Tuz ruhu, kire\u00e7 \u00e7\u00f6z\u00fcc\u00fc gibi \u00e7ok a\u011f\u0131r asitler bar\u0131nd\u0131ran temizlik \u00fcr\u00fcnlerini kesinlikle kullanmay\u0131n\u0131z.<\/li>\n<\/ul>\n","protected":false},"excerpt":{"rendered":"<ul>\n<li>CS-01-4 Cerore Seramik Bal\u0131k Pulu Karo Tar\u00e7\u0131n<\/li>\n<li>\u00dcr\u00fcn Duvarda Kullan\u0131m \u0130\u00e7in Uygundur, zeminde kullan\u0131lmas\u0131 \u00f6nerilmemektedir<\/li>\n<li>\u00d6zel RAL Koduyla \u0130stenilen renkte \u00fcretim yap\u0131labilmektedir.<\/li>\n<li>m<sup>2<\/sup>\u00a0Olarak da Sat\u0131\u015f\u0131 Yap\u0131labilmektedir m<sup>2<\/sup> de 75 Adet \u00dcr\u00fcn Bulunmaktad\u0131r<\/li>\n<\/ul>\n","protected":false},"featured_media":4204,"comment_status":"closed","ping_status":"closed","template":"","meta":[],"product_brand":[],"product_cat":[232],"product_tag":[286,287,289,288,285,263,264,272,271],"class_list":{"0":"post-4203","1":"product","2":"type-product","3":"status-publish","4":"has-post-thumbnail","6":"product_cat-bps","7":"product_tag-balik-pulu","8":"product_tag-balik-pulu-karo","9":"product_tag-balik-pulu-karolar","10":"product_tag-balik-pulu-seramik-karo","11":"product_tag-cerore-seramik-balik-pulu-porselen-karo","12":"product_tag-iznik-cini","13":"product_tag-kutahya-cinisi","14":"product_tag-seramik-karo","15":"product_tag-tile","16":"product_shipping_class-1-adet","18":"first","19":"instock","20":"sale","21":"taxable","22":"shipping-taxable","23":"purchasable","24":"product-type-simple"},"_links":{"self":[{"href":"https:\/\/cerore.com\/en\/wp-json\/wp\/v2\/product\/4203","targetHints":{"allow":["GET"]}}],"collection":[{"href":"https:\/\/cerore.com\/en\/wp-json\/wp\/v2\/product"}],"about":[{"href":"https:\/\/cerore.com\/en\/wp-json\/wp\/v2\/types\/product"}],"replies":[{"embeddable":true,"href":"https:\/\/cerore.com\/en\/wp-json\/wp\/v2\/comments?post=4203"}],"wp:featuredmedia":[{"embeddable":true,"href":"https:\/\/cerore.com\/en\/wp-json\/wp\/v2\/media\/4204"}],"wp:attachment":[{"href":"https:\/\/cerore.com\/en\/wp-json\/wp\/v2\/media?parent=4203"}],"wp:term":[{"taxonomy":"product_brand","embeddable":true,"href":"https:\/\/cerore.com\/en\/wp-json\/wp\/v2\/product_brand?post=4203"},{"taxonomy":"product_cat","embeddable":true,"href":"https:\/\/cerore.com\/en\/wp-json\/wp\/v2\/product_cat?post=4203"},{"taxonomy":"product_tag","embeddable":true,"href":"https:\/\/cerore.com\/en\/wp-json\/wp\/v2\/product_tag?post=4203"}],"curies":[{"name":"wp","href":"https:\/\/api.w.org\/{rel}","templated":true}]}}