{"id":5171,"date":"2024-01-08T14:48:08","date_gmt":"2024-01-08T11:48:08","guid":{"rendered":"https:\/\/cerore.com\/?post_type=product&#038;p=5171"},"modified":"2025-02-04T14:26:54","modified_gmt":"2025-02-04T11:26:54","slug":"bar-onu-seramik-karo-mavi-10x50-cm-cerore","status":"publish","type":"product","link":"https:\/\/cerore.com\/ar\/product\/bar-onu-seramik-karo-mavi-10x50-cm-cerore\/","title":{"rendered":"Bar \u00d6n\u00fc Seramik Karo 10&#215;50 CM Mavi &#8211; Cerore Seramik CS-01-2 Wow Tile"},"content":{"rendered":"<p style=\"text-align: left;\"><span style=\"font-size: 18px;\"><strong>Cerore Seramik Bar \u00d6n\u00fc Seramik Karo Mavi 10&#215;50 CM Wow Tile<\/strong><\/span><\/p>\n<p>Cerore Seramik Bar \u00d6n\u00fc Seramik Karolar\u0131m\u0131z e\u015fsiz desen ve renk se\u00e7enekleriyle t\u00fcm mekanlar\u0131n\u0131za h\u00fckmederek stilin ve tarz\u0131n sizi yans\u0131tan t\u00fcm dokunu\u015flar\u0131yla mekanlar\u0131n\u0131z\u0131 \u015f\u0131kl\u0131kla bulu\u015fturacak. T\u00fcm mekanlarda y\u00fczey alanlar\u0131 ve Duvarda kullan\u0131ma uygun olarak \u00fcretilmektedirler.<\/p>\n<p style=\"text-align: left;\">Her bir karo 10&#215;50 cm ebatlar\u0131ndad\u0131r \u00fcr\u00fcn m2 olarak sat\u0131lmaktad\u0131r.<\/p>\n<p>1 m<sup>2<\/sup> de 18 adet karo bulunmaktad\u0131r<\/p>\n<p>\u00d6zel el yap\u0131m\u0131 olarak \u00fcretilmektedir<\/p>\n<p>Bar \u00f6n\u00fc seramik karo bambu \u00fcr\u00fcnlerimiz i\u00e7 b\u00fckey olarak tasarlanm\u0131\u015ft\u0131r.<\/p>\n<p>Bar \u00f6n\u00fc seramik karolar\u0131m\u0131z \u00f6zel bir s\u0131rlama tekni\u011fi olan \u00c7ATLAK SIR ile \u00fcretilmektedirler.<\/p>\n<p>Stok Durumunu Mutlaka Sorunuz. Stok D\u0131\u015f\u0131 \u00dcr\u00fcnlerin \u00dcretim Ve Teslimi 18-20 G\u00fcn Aras\u0131ndad\u0131r<\/p>\n<p>Y\u00fcksek M2 li Sipari\u015flerinizde \u00d6zel RAL Koduyla \u0130stenilen renkte \u00fcretim yap\u0131labilmektedir.<\/p>\n<p style=\"text-align: left;\"><span style=\"font-size: 18px;\"><strong>Bar \u00d6n\u00fc Seramik Karolar\u0131m\u0131z\u0131n Uygulama ve Kullan\u0131m Alanlar\u0131<\/strong><\/span><\/p>\n<ul>\n<li style=\"text-align: left;\">Bar \u00d6n\u00fc Serisi karolar\u0131m\u0131z Cafe, Restoran gibi mekanlar\u0131n banko \u00f6nlerinde, Evinizin Mutfak Tezgahlar\u0131 ve Ada Tezgahlarda rahatl\u0131kla kullan\u0131labilmektedir.<\/li>\n<li style=\"text-align: left;\">Bar \u00d6n\u00fc Serisi karolar\u0131m\u0131z duvarda pano alanlar\u0131nda kullan\u0131ma uygundur. Bunun d\u0131\u015f\u0131nda zeminde kullan\u0131lmas\u0131 \u00f6nerilmemektedir.<\/li>\n<li style=\"text-align: left;\">Hamam, Spa, Sauna ve Kurna Arkas\u0131 uygulamas\u0131 olarak Kullan\u0131labilmektedir.<\/li>\n<li>\u00dcr\u00fcnlerimizin genelinde artistik bir s\u0131r olan \u00e7atlak s\u0131r kullanmaktay\u0131z. Bu k\u0131lcal \u00e7atlamalar uygulamadan sonra da devam edebilir.<\/li>\n<li>\u00dcr\u00fcnlerimizi flex, derz, dolgu ve seramik yap\u0131\u015ft\u0131r\u0131c\u0131s\u0131 ile i\u00e7 mekanlar\u0131n\u0131zdaki \u0131slak veya kuru alanlarda \u00e7ok rahatl\u0131kla kullanabilirsiniz.<\/li>\n<li>Seramiklerin \u00fczerinde kullan\u0131mdan dolay\u0131 olu\u015facak kirleri ve ya\u011flar\u0131 temizlik dostu malzemeler ile temizleyiniz. Tuz ruhu, kire\u00e7 \u00e7\u00f6z\u00fcc\u00fc gibi \u00e7ok a\u011f\u0131r asitler bar\u0131nd\u0131ran temizlik \u00fcr\u00fcnlerini kesinlikle kullanmay\u0131n\u0131z.<\/li>\n<\/ul>\n","protected":false},"excerpt":{"rendered":"<ul>\n<li>CS-01-1 Cerore Seramik Bar \u00d6n\u00fc Seramik Karo Mavi 1 m2\u00a0 Seramik Karo Wow Tile<\/li>\n<li>\u00dcr\u00fcn Duvarda Kullan\u0131m \u0130\u00e7in Uygundur, Zeminde kullan\u0131lmas\u0131 <u>\u00f6nerilmemektedir<\/u><\/li>\n<li>Y\u00fcksek M2 li Sipari\u015flerde \u00d6zel RAL Koduyla \u0130stenilen renkte \u00fcretim yap\u0131labilmektedir.<\/li>\n<li>1 m<sup>2<\/sup> de 18 Adet \u00dcr\u00fcn Bulunmaktad\u0131r<\/li>\n<\/ul>\n","protected":false},"featured_media":5172,"comment_status":"closed","ping_status":"closed","template":"","meta":[],"product_brand":[],"product_cat":[399],"product_tag":[408,405,401,407,402,400,404,403,272,271,439],"class_list":{"0":"post-5171","1":"product","2":"type-product","3":"status-publish","4":"has-post-thumbnail","6":"product_cat-bar","7":"product_tag-bambu-bar-onu-seramik","8":"product_tag-banko-onu-seramik-karo","9":"product_tag-bar-onu","10":"product_tag-bar-onu-kaplama","11":"product_tag-bar-onu-karo","12":"product_tag-bar-onu-seramik-karo","13":"product_tag-bar-ve-banko-onu-seramik-karo","14":"product_tag-cerore-bar-onu-seramikleri","15":"product_tag-seramik-karo","16":"product_tag-tile","17":"product_tag-wow-tile","18":"product_shipping_class-m-2","20":"first","21":"instock","22":"sale","23":"taxable","24":"shipping-taxable","25":"purchasable","26":"product-type-simple"},"_links":{"self":[{"href":"https:\/\/cerore.com\/ar\/wp-json\/wp\/v2\/product\/5171","targetHints":{"allow":["GET"]}}],"collection":[{"href":"https:\/\/cerore.com\/ar\/wp-json\/wp\/v2\/product"}],"about":[{"href":"https:\/\/cerore.com\/ar\/wp-json\/wp\/v2\/types\/product"}],"replies":[{"embeddable":true,"href":"https:\/\/cerore.com\/ar\/wp-json\/wp\/v2\/comments?post=5171"}],"wp:featuredmedia":[{"embeddable":true,"href":"https:\/\/cerore.com\/ar\/wp-json\/wp\/v2\/media\/5172"}],"wp:attachment":[{"href":"https:\/\/cerore.com\/ar\/wp-json\/wp\/v2\/media?parent=5171"}],"wp:term":[{"taxonomy":"product_brand","embeddable":true,"href":"https:\/\/cerore.com\/ar\/wp-json\/wp\/v2\/product_brand?post=5171"},{"taxonomy":"product_cat","embeddable":true,"href":"https:\/\/cerore.com\/ar\/wp-json\/wp\/v2\/product_cat?post=5171"},{"taxonomy":"product_tag","embeddable":true,"href":"https:\/\/cerore.com\/ar\/wp-json\/wp\/v2\/product_tag?post=5171"}],"curies":[{"name":"wp","href":"https:\/\/api.w.org\/{rel}","templated":true}]}}