{"id":4850,"date":"2023-04-27T17:12:41","date_gmt":"2023-04-27T14:12:41","guid":{"rendered":"https:\/\/cerore.com\/?post_type=product&#038;p=4850"},"modified":"2026-01-05T16:46:43","modified_gmt":"2026-01-05T13:46:43","slug":"porselen-mozaikler-hexagon-serisi-cs-01-2","status":"publish","type":"product","link":"https:\/\/cerore.com\/ar\/product\/porselen-mozaikler-hexagon-serisi-cs-01-2\/","title":{"rendered":"Porselen Mozaikler Hexagon Serisi Black Moon CS-01-2"},"content":{"rendered":"<p style=\"text-align: left;\"><span style=\"font-size: 18px;\"><strong>Cerore Seramik Fileli Porselen Mozaikler Hexagon<\/strong><\/span><strong style=\"font-size: 18px;\">\u00a0Serisi<\/strong><\/p>\n<p>Cerore Seramik Fileli Porselen Mozaik \u00fcr\u00fcn grubumuzun Hexagon serisi porselen karolar\u0131m\u0131z e\u015fsiz desen ve renk se\u00e7enekleriyle t\u00fcm mekanlar\u0131n\u0131za h\u00fckmederek stilin ve tarz\u0131n sizi yans\u0131tan t\u00fcm dokunu\u015flar\u0131yla mekanlar\u0131n\u0131z\u0131 \u015f\u0131kl\u0131kla bulu\u015fturacak. Hexagon Porselen Karo Serimiz duvarda ve zeminde kullan\u0131ma uygun olarak \u00fcretilmektedirler.<\/p>\n<p style=\"text-align: left;\">30&#215;30,5 cm ebatlar\u0131nda fileli 1 m2 Hexagon Serisi Karo \u00fcr\u00fcn fiyat\u0131d\u0131r. File i\u00e7i tek \u00fcr\u00fcn ebad\u0131 4,8&#215;4,8 cm dir<\/p>\n<p>Hexagon Serisi Karolar\u0131m\u0131z Fileli \u00fcr\u00fcnlerdir belli kal\u0131plar \u015feklinde \u00f6zel arka zemini fileye sabitlenmi\u015f bir \u015fekilde \u00fcretilmektedirler.<\/p>\n<p>Y\u00fcksek M2 Sipari\u015flerinde \u00d6zel RAL Koduyla \u0130stenilen renkte \u00fcretim yap\u0131labilmektedir.<\/p>\n<p style=\"text-align: left;\"><span style=\"font-size: 18px;\"><strong>Hexagon Serisi Karolar\u0131m\u0131z\u0131n Uygulama ve Kullan\u0131m Alanlar\u0131<\/strong><\/span><\/p>\n<ul>\n<li style=\"text-align: left;\">Porselen Mozaikler Hexagon Serisi karolar\u0131m\u0131z Evinizin Mutfak ve Banyo gibi alanlar\u0131nda kullan\u0131labilmektedir.<\/li>\n<li style=\"text-align: left;\">Porselen Mozaikler Hexagon Serisi Karolar\u0131m\u0131z Hamam, Spa, Sauna ve Kurna Arkas\u0131 uygulamas\u0131 olarak Kullan\u0131labilmektedir.<\/li>\n<li>Porselen Mozaikler Hexagon Serisi Karolar\u0131m\u0131z\u0131n genelinde artistik bir s\u0131r olan \u00e7atlak s\u0131r kullanmaktay\u0131z. Bu k\u0131lcal \u00e7atlamalar uygulamadan sonra da devam edebilir.<\/li>\n<li>\u00dcr\u00fcnlerimizi flex, derz, dolgu ve seramik yap\u0131\u015ft\u0131r\u0131c\u0131s\u0131 ile i\u00e7 mekanlar\u0131n\u0131zdaki \u0131slak veya kuru alanlarda \u00e7ok rahatl\u0131kla kullanabilirsiniz.<\/li>\n<li>\u00dcr\u00fcnlerimizin \u00fczerinde kullan\u0131mdan dolay\u0131 olu\u015facak kirleri ve ya\u011flar\u0131 temizlik dostu malzemeler ile temizleyiniz. Tuz ruhu, kire\u00e7 \u00e7\u00f6z\u00fcc\u00fc gibi \u00e7ok a\u011f\u0131r asitler bar\u0131nd\u0131ran temizlik \u00fcr\u00fcnlerini kesinlikle kullanmay\u0131n\u0131z.<\/li>\n<\/ul>\n","protected":false},"excerpt":{"rendered":"<ul>\n<li>CS-01-2 Cerore Seramik Hexagon Serisi Fileli Porselen Karo Black Moon<\/li>\n<li>Karolar\u0131m\u0131z Duvarda Kullan\u0131m \u0130\u00e7in Uygundur.<\/li>\n<li>Y\u00fcksek m2 li sipari\u015flerde \u00d6zel RAL koduyla istenilen renkte \u00fcretim yap\u0131labilmektedir.<\/li>\n<\/ul>\n","protected":false},"featured_media":4851,"comment_status":"closed","ping_status":"closed","template":"","meta":[],"product_brand":[],"product_cat":[355],"product_tag":[270,391,263,369,368,356,357,392,272,271],"class_list":{"0":"post-4850","1":"product","2":"type-product","3":"status-publish","4":"has-post-thumbnail","6":"product_cat-hexagon","7":"product_tag-hexagon","8":"product_tag-hexagon-serisi-karo","9":"product_tag-iznik-cini","10":"product_tag-mozaik-porselen","11":"product_tag-mozaik-urunler","12":"product_tag-porselen-mozaik","13":"product_tag-porselen-mozaikler","14":"product_tag-porselen-mozaikler-hexagon","15":"product_tag-seramik-karo","16":"product_tag-tile","17":"product_shipping_class-m-2","19":"first","20":"outofstock","21":"sale","22":"taxable","23":"shipping-taxable","24":"purchasable","25":"product-type-simple"},"_links":{"self":[{"href":"https:\/\/cerore.com\/ar\/wp-json\/wp\/v2\/product\/4850","targetHints":{"allow":["GET"]}}],"collection":[{"href":"https:\/\/cerore.com\/ar\/wp-json\/wp\/v2\/product"}],"about":[{"href":"https:\/\/cerore.com\/ar\/wp-json\/wp\/v2\/types\/product"}],"replies":[{"embeddable":true,"href":"https:\/\/cerore.com\/ar\/wp-json\/wp\/v2\/comments?post=4850"}],"wp:featuredmedia":[{"embeddable":true,"href":"https:\/\/cerore.com\/ar\/wp-json\/wp\/v2\/media\/4851"}],"wp:attachment":[{"href":"https:\/\/cerore.com\/ar\/wp-json\/wp\/v2\/media?parent=4850"}],"wp:term":[{"taxonomy":"product_brand","embeddable":true,"href":"https:\/\/cerore.com\/ar\/wp-json\/wp\/v2\/product_brand?post=4850"},{"taxonomy":"product_cat","embeddable":true,"href":"https:\/\/cerore.com\/ar\/wp-json\/wp\/v2\/product_cat?post=4850"},{"taxonomy":"product_tag","embeddable":true,"href":"https:\/\/cerore.com\/ar\/wp-json\/wp\/v2\/product_tag?post=4850"}],"curies":[{"name":"wp","href":"https:\/\/api.w.org\/{rel}","templated":true}]}}