{"id":4773,"date":"2023-04-26T15:50:06","date_gmt":"2023-04-26T12:50:06","guid":{"rendered":"https:\/\/cerore.com\/?post_type=product&#038;p=4773"},"modified":"2026-01-05T17:13:58","modified_gmt":"2026-01-05T14:13:58","slug":"porselen-mozaikler-arabesque-serisi-cs-01-2","status":"publish","type":"product","link":"https:\/\/cerore.com\/ar\/product\/porselen-mozaikler-arabesque-serisi-cs-01-2\/","title":{"rendered":"Porselen Mozaikler Arabesque Serisi Mavi CS-01-2"},"content":{"rendered":"<p style=\"text-align: left;\"><span style=\"font-size: 18px;\"><strong>Cerore Seramik Fileli Porselen Mozaikler Arabesque Serisi<\/strong><\/span><\/p>\n<p>Cerore Seramik Fileli Porselen Mozaik \u00fcr\u00fcn grubumuzun Arabesque serisi porselen karolar\u0131m\u0131z e\u015fsiz desen ve renk se\u00e7enekleriyle t\u00fcm mekanlar\u0131n\u0131za h\u00fckmederek stilin ve tarz\u0131n sizi yans\u0131tan t\u00fcm dokunu\u015flar\u0131yla mekanlar\u0131n\u0131z\u0131 \u015f\u0131kl\u0131kla bulu\u015fturacak. Arabesque Porselen Karo Serimiz duvarda ve zeminde kullan\u0131ma uygun olarak \u00fcretilmektedirler.<\/p>\n<p style=\"text-align: left;\">26,7&#215;29,5 cm ebatlar\u0131nda fileli 1 m2 Arabesque Serisi Karo \u00fcr\u00fcn fiyat\u0131d\u0131r. File i\u00e7i tek \u00fcr\u00fcn ebad\u0131 8,8&#215;8,4 cm dir<\/p>\n<p>Arabesque Serisi Karolar\u0131m\u0131z Fileli \u00fcr\u00fcnlerdir belli kal\u0131plar \u015feklinde \u00f6zel arka zemini fileye sabitlenmi\u015f bir \u015fekilde \u00fcretilmektedirler.<\/p>\n<p>Y\u00fcksek M2 Sipari\u015flerinde \u00d6zel RAL Koduyla \u0130stenilen renkte \u00fcretim yap\u0131labilmektedir.<\/p>\n<p style=\"text-align: left;\"><span style=\"font-size: 18px;\"><strong>Arabesque Serisi Karolar\u0131m\u0131z\u0131n Uygulama ve Kullan\u0131m Alanlar\u0131<\/strong><\/span><\/p>\n<ul>\n<li style=\"text-align: left;\">Porselen Mozaikler Arabesque Serisi karolar\u0131m\u0131z Evinizin Mutfak ve Banyo gibi alanlar\u0131nda kullan\u0131labilmektedir.<\/li>\n<li style=\"text-align: left;\">Porselen Mozaikler Arabesque Serisi Karolar\u0131m\u0131z Hamam, Spa, Sauna ve Kurna Arkas\u0131 uygulamas\u0131 olarak Kullan\u0131labilmektedir.<\/li>\n<li>Porselen Mozaikler Arabesque Serisi Karolar\u0131m\u0131z\u0131n genelinde artistik bir s\u0131r olan \u00e7atlak s\u0131r kullanmaktay\u0131z. Bu k\u0131lcal \u00e7atlamalar uygulamadan sonra da devam edebilir.<\/li>\n<li>\u00dcr\u00fcnlerimizi flex, derz, dolgu ve seramik yap\u0131\u015ft\u0131r\u0131c\u0131s\u0131 ile i\u00e7 mekanlar\u0131n\u0131zdaki \u0131slak veya kuru alanlarda \u00e7ok rahatl\u0131kla kullanabilirsiniz.<\/li>\n<li>\u00dcr\u00fcnlerimizin \u00fczerinde kullan\u0131mdan dolay\u0131 olu\u015facak kirleri ve ya\u011flar\u0131 temizlik dostu malzemeler ile temizleyiniz. Tuz ruhu, kire\u00e7 \u00e7\u00f6z\u00fcc\u00fc gibi \u00e7ok a\u011f\u0131r asitler bar\u0131nd\u0131ran temizlik \u00fcr\u00fcnlerini kesinlikle kullanmay\u0131n\u0131z.<\/li>\n<\/ul>\n","protected":false},"excerpt":{"rendered":"<ul>\n<li>CS-01-2 Cerore Seramik Arabesque Serisi Fileli Porselen Karo Mavi<\/li>\n<li>Karolar\u0131m\u0131z Duvarda ve Zeminde Kullan\u0131m \u0130\u00e7in Uygundur.<\/li>\n<li>Y\u00fcksek m2 li sipari\u015flerde \u00d6zel RAL koduyla istenilen renkte \u00fcretim yap\u0131labilmektedir.<\/li>\n<\/ul>\n","protected":false},"featured_media":4774,"comment_status":"closed","ping_status":"closed","template":"","meta":[],"product_brand":[],"product_cat":[349],"product_tag":[374,263,369,368,356,357,375,272,271],"class_list":{"0":"post-4773","1":"product","2":"type-product","3":"status-publish","4":"has-post-thumbnail","6":"product_cat-arabesque","7":"product_tag-arabesque-serisi-karo","8":"product_tag-iznik-cini","9":"product_tag-mozaik-porselen","10":"product_tag-mozaik-urunler","11":"product_tag-porselen-mozaik","12":"product_tag-porselen-mozaikler","13":"product_tag-porselen-mozaikler-arabesque-serisi","14":"product_tag-seramik-karo","15":"product_tag-tile","16":"product_shipping_class-m-2","18":"first","19":"instock","20":"sale","21":"taxable","22":"shipping-taxable","23":"purchasable","24":"product-type-simple"},"_links":{"self":[{"href":"https:\/\/cerore.com\/ar\/wp-json\/wp\/v2\/product\/4773","targetHints":{"allow":["GET"]}}],"collection":[{"href":"https:\/\/cerore.com\/ar\/wp-json\/wp\/v2\/product"}],"about":[{"href":"https:\/\/cerore.com\/ar\/wp-json\/wp\/v2\/types\/product"}],"replies":[{"embeddable":true,"href":"https:\/\/cerore.com\/ar\/wp-json\/wp\/v2\/comments?post=4773"}],"wp:featuredmedia":[{"embeddable":true,"href":"https:\/\/cerore.com\/ar\/wp-json\/wp\/v2\/media\/4774"}],"wp:attachment":[{"href":"https:\/\/cerore.com\/ar\/wp-json\/wp\/v2\/media?parent=4773"}],"wp:term":[{"taxonomy":"product_brand","embeddable":true,"href":"https:\/\/cerore.com\/ar\/wp-json\/wp\/v2\/product_brand?post=4773"},{"taxonomy":"product_cat","embeddable":true,"href":"https:\/\/cerore.com\/ar\/wp-json\/wp\/v2\/product_cat?post=4773"},{"taxonomy":"product_tag","embeddable":true,"href":"https:\/\/cerore.com\/ar\/wp-json\/wp\/v2\/product_tag?post=4773"}],"curies":[{"name":"wp","href":"https:\/\/api.w.org\/{rel}","templated":true}]}}