{"id":4629,"date":"2023-04-11T16:58:31","date_gmt":"2023-04-11T13:58:31","guid":{"rendered":"https:\/\/cerore.com\/?post_type=product&#038;p=4629"},"modified":"2025-01-15T17:19:34","modified_gmt":"2025-01-15T14:19:34","slug":"cerore-nish-serisi-pearl","status":"publish","type":"product","link":"https:\/\/cerore.com\/ar\/product\/cerore-nish-serisi-pearl\/","title":{"rendered":"Cerore Nish Serisi &#8211; Pearl"},"content":{"rendered":"<p style=\"text-align: left;\"><span style=\"font-size: 18px;\"><strong>Cerore Nish Serisi &#8211; Pearl<\/strong><\/span><\/p>\n<p>Bir \u0130nci kadar zarif ve \u015f\u0131k. Her bir detay\u0131n\u0131 \u00f6zenle tasarlad\u0131\u011f\u0131m\u0131z Pearl serimiz ad\u0131n\u0131 ald\u0131\u011f\u0131 inciler gibi t\u00fcm ortamlar\u0131n\u0131za Zarif bir dokunu\u015fta bulunmaya geliyor. \u00d6zel mekanlar ve \u00f6zel alanlar i\u00e7in tasarland\u0131lar, t\u00fcm dikkatleri ve g\u00f6zleri \u00fczerlerinde toplamaya haz\u0131rlar. \u00dcst\u00fcn \u00fcretim teknikleri ve hammaddeler kullan\u0131larak \u00fcretilen Nish serimiz i\u00e7 mekan ve d\u0131\u015f mekan ay\u0131rt etmeksizin t\u00fcm alanlarda rahatl\u0131kla kullan\u0131labilmektedirler. Tamam\u0131 el i\u015f\u00e7ili\u011fi ile \u00fcretilen karolar\u0131m\u0131z sizlere \u00f6nem verdi\u011finiz kaliteyi ve \u015f\u0131kl\u0131\u011f\u0131 hissettirecek. Size ve t\u00fcm mekanlar\u0131n\u0131za merakl\u0131 g\u00f6zler vadediyorlar.<\/p>\n<p>Nish Serisi &#8211; Pearl karolar\u0131m\u0131z istenilen renklerde ve farkl\u0131 kombinasyonlarda \u00fcretilebilmektedirler, eskitme ya da bronz, alt\u0131n ve g\u00fcm\u00fc\u015f kaplama \u015feklinde tercih edebilece\u011finiz bir \u00e7ok uygulama format\u0131na sahiptirler. \u0130ster modern ister klasik bir g\u00f6r\u00fcn\u00fcm olsun\u00a0Pearl \u00a0Karolar\u0131m\u0131z her t\u00fcrl\u00fc zevke uygun se\u00e7enekler sunar.<\/p>\n<p>Mekanlar\u0131n\u0131za stil ve s\u0131cakl\u0131k kazand\u0131r\u0131rken ayn\u0131 zamanda dayan\u0131kl\u0131l\u0131k sa\u011flayacak bir \u00e7\u00f6z\u00fcm ar\u0131yorsan\u0131z, Pearl Karolar\u0131m\u0131z sizin i\u00e7in m\u00fckemmel bir se\u00e7im olacakt\u0131r.<\/p>\n<p>Sipari\u015f vermek veya daha fazla bilgi almak i\u00e7in l\u00fctfen bizimle ileti\u015fime ge\u00e7in. Evinizin veya i\u015fyerinizin \u015f\u0131k ve zarif bir dokunu\u015fla yenilenmesine yard\u0131mc\u0131 olmak i\u00e7in buraday\u0131z.<\/p>\n<p>\u00dcr\u00fcn G\u00fcncel M2 Bazl\u0131 Fiyatlar \u0130\u00e7in L\u00fctfen \u0130leti\u015fime Ge\u00e7in.<\/p>\n<p>\u00d6zel RAL Koduyla \u0130stenilen renkte \u00fcretim yap\u0131labilmektedir.<\/p>\n<p style=\"text-align: left;\"><span style=\"font-size: 18px;\"><strong>Nish Serisi &#8211; Pearl Karolar\u0131m\u0131z\u0131n Uygulama ve Kullan\u0131m Alanlar\u0131<\/strong><\/span><\/p>\n<ul>\n<li style=\"text-align: left;\">Nish Serisi &#8211; Pearl karolar\u0131m\u0131z Evinizin Mutfak ve Banyo gibi alanlar\u0131nda kullan\u0131labilmektedir.<\/li>\n<li style=\"text-align: left;\">Nish Serisi &#8211; Pearl karolar\u0131m\u0131z 3 boyutlu bir efekte sahiptirler bu y\u00fczden zeminde kullan\u0131lmas\u0131 \u00f6nerilmemektedir<\/li>\n<li style=\"text-align: left;\">Nish Serisi &#8211; Pearl Karolar\u0131m\u0131z Hamam, Spa, Sauna da mekan uygulamas\u0131 olarak Kullan\u0131labilmektedir.<\/li>\n<li>\u00dcr\u00fcnlerimizi flex, derz, dolgu ve seramik yap\u0131\u015ft\u0131r\u0131c\u0131s\u0131 ile i\u00e7 mekanlar\u0131n\u0131zdaki \u0131slak veya kuru alanlarda \u00e7ok rahatl\u0131kla kullanabilirsiniz.<\/li>\n<li>Seramiklerin \u00fczerinde kullan\u0131mdan dolay\u0131 olu\u015facak kirleri ve ya\u011flar\u0131 temizlik dostu malzemeler ile temizleyiniz. Tuz ruhu, kire\u00e7 \u00e7\u00f6z\u00fcc\u00fc gibi \u00e7ok a\u011f\u0131r asitler bar\u0131nd\u0131ran temizlik \u00fcr\u00fcnlerini kesinlikle kullanmay\u0131n\u0131z.<\/li>\n<\/ul>\n","protected":false},"excerpt":{"rendered":"<ul>\n<li>CS-NS-PRL-01 Cerore Seramik Nish Serisi Pearl Karo<\/li>\n<li>Karolar\u0131m\u0131z Duvarda Kullan\u0131m \u0130\u00e7in Uygundur, zeminde kullan\u0131lmas\u0131 \u00f6nerilmemektedir<\/li>\n<li>\u00d6zel RAL Koduyla \u0130stenilen renkte \u00fcretim yap\u0131labilmektedir.<\/li>\n<li>15&#215;15 CM Ebatlar\u0131ndad\u0131r.<\/li>\n<li>\u00dcr\u00fcn G\u00fcncel m<sup>2 <\/sup>Bazl\u0131 Fiyatlar \u0130\u00e7in L\u00fctfen \u0130leti\u015fime Ge\u00e7in.<\/li>\n<\/ul>\n","protected":false},"featured_media":4594,"comment_status":"closed","ping_status":"closed","template":"","meta":[],"product_brand":[],"product_cat":[314],"product_tag":[263,264,340,318,319,341,339,272,271],"class_list":{"0":"post-4629","1":"product","2":"type-product","3":"status-publish","4":"has-post-thumbnail","6":"product_cat-pearl","7":"product_tag-iznik-cini","8":"product_tag-kutahya-cinisi","9":"product_tag-nish-pearl-serisi","10":"product_tag-nish-seramik","11":"product_tag-nish-serisi","12":"product_tag-pearl-serisi-karo","13":"product_tag-pearl-sersi","14":"product_tag-seramik-karo","15":"product_tag-tile","16":"product_shipping_class-m-2","18":"first","19":"instock","20":"taxable","21":"shipping-taxable","22":"product-type-simple"},"_links":{"self":[{"href":"https:\/\/cerore.com\/ar\/wp-json\/wp\/v2\/product\/4629","targetHints":{"allow":["GET"]}}],"collection":[{"href":"https:\/\/cerore.com\/ar\/wp-json\/wp\/v2\/product"}],"about":[{"href":"https:\/\/cerore.com\/ar\/wp-json\/wp\/v2\/types\/product"}],"replies":[{"embeddable":true,"href":"https:\/\/cerore.com\/ar\/wp-json\/wp\/v2\/comments?post=4629"}],"wp:featuredmedia":[{"embeddable":true,"href":"https:\/\/cerore.com\/ar\/wp-json\/wp\/v2\/media\/4594"}],"wp:attachment":[{"href":"https:\/\/cerore.com\/ar\/wp-json\/wp\/v2\/media?parent=4629"}],"wp:term":[{"taxonomy":"product_brand","embeddable":true,"href":"https:\/\/cerore.com\/ar\/wp-json\/wp\/v2\/product_brand?post=4629"},{"taxonomy":"product_cat","embeddable":true,"href":"https:\/\/cerore.com\/ar\/wp-json\/wp\/v2\/product_cat?post=4629"},{"taxonomy":"product_tag","embeddable":true,"href":"https:\/\/cerore.com\/ar\/wp-json\/wp\/v2\/product_tag?post=4629"}],"curies":[{"name":"wp","href":"https:\/\/api.w.org\/{rel}","templated":true}]}}