{"id":4227,"date":"2023-01-20T14:42:18","date_gmt":"2023-01-20T11:42:18","guid":{"rendered":"https:\/\/cerore.com\/?post_type=product&#038;p=4227"},"modified":"2025-03-05T13:45:38","modified_gmt":"2025-03-05T10:45:38","slug":"turkmen-yildizi-karo-turkuaz-cerore-cs-01-2","status":"publish","type":"product","link":"https:\/\/cerore.com\/ar\/product\/turkmen-yildizi-karo-turkuaz-cerore-cs-01-2\/","title":{"rendered":"T\u00fcrkmen Y\u0131ld\u0131z\u0131 Karo Turkuaz &#8211; Cerore Seramik CS-01-2"},"content":{"rendered":"<p style=\"text-align: left;\"><span style=\"font-size: 18px;\"><strong>Cerore Seramik T\u00fcrkmen Y\u0131ld\u0131z\u0131 Karo Turkuaz<\/strong><\/span><\/p>\n<p>Cerore Seramik T\u00fcrkmen Y\u0131ld\u0131z\u0131 Karolar\u0131m\u0131z e\u015fsiz desen ve renk se\u00e7enekleriyle t\u00fcm mekanlar\u0131n\u0131za h\u00fckmederek stilin ve tarz\u0131n sizi yans\u0131tan t\u00fcm dokunu\u015flar\u0131yla mekanlar\u0131n\u0131z\u0131 \u015f\u0131kl\u0131kla bulu\u015fturacak. T\u00fcrkmen Y\u0131ld\u0131z\u0131 Karo Serimiz Duvarda kullan\u0131ma uygun olarak \u00fcretilmektedirler.<\/p>\n<p style=\"text-align: left;\">20&#215;20 cm ebatlar\u0131nda 1 adet T\u00fcrkmen Y\u0131ld\u0131z\u0131 Karo \u00fcr\u00fcn fiyat\u0131d\u0131r<\/p>\n<p>1 m<sup>2<\/sup> de 25 adet T\u00fcrkmen Y\u0131ld\u0131z\u0131 Karo bulunmaktad\u0131r<\/p>\n<p>T\u00fcrkmen Y\u0131ld\u0131z\u0131 Karo Serimizin Arka taraf\u0131 mat seramik tabanl\u0131 t\u0131rt\u0131kl\u0131 olup \u00f6n y\u00fcz\u00fc\u00a0 parlakt\u0131r.<\/p>\n<p>\u00d6zel RAL Koduyla \u0130stenilen renkte \u00fcretim yap\u0131labilmektedir.<\/p>\n<p style=\"text-align: left;\"><span style=\"font-size: 18px;\"><strong>T\u00fcrkmen Y\u0131ld\u0131z\u0131 Karolar\u0131m\u0131z\u0131n Uygulama ve Kullan\u0131m Alanlar\u0131<\/strong><\/span><\/p>\n<ul>\n<li style=\"text-align: left;\">T\u00fcrkmen Y\u0131ld\u0131z\u0131 karolar\u0131m\u0131z Evinizin Mutfak ve Banyo gibi alanlar\u0131nda kullan\u0131labilmektedir.<\/li>\n<li style=\"text-align: left;\">T\u00fcrkmen Y\u0131ld\u0131z\u0131 karolar\u0131m\u0131z Parlak ve kabart\u0131l\u0131 olan bir modeldir ve bu sebeple duvarlar da kullan\u0131lmas\u0131 \u00f6nerilmekte olup zeminde kullan\u0131lmas\u0131 tavsiye edilmemektedir.<\/li>\n<li style=\"text-align: left;\">T\u00fcrkmen Y\u0131ld\u0131z\u0131 Karolar\u0131m\u0131z Hamam, Spa, Sauna ve Kurna Arkas\u0131 uygulamas\u0131 olarak Kullan\u0131labilmektedir.<\/li>\n<li>T\u00fcrkmen Y\u0131ld\u0131z\u0131 Karo serimizde genelinde artistik bir s\u0131r olan \u00e7atlak s\u0131r kullanmaktay\u0131z. Bu k\u0131lcal \u00e7atlamalar uygulamadan sonra da devam edebilir.<\/li>\n<li>\u00dcr\u00fcnlerimizi flex, derz, dolgu ve seramik yap\u0131\u015ft\u0131r\u0131c\u0131s\u0131 ile i\u00e7 mekanlar\u0131n\u0131zdaki \u0131slak veya kuru alanlarda \u00e7ok rahatl\u0131kla kullanabilirsiniz.<\/li>\n<li>Seramiklerin \u00fczerinde kullan\u0131mdan dolay\u0131 olu\u015facak kirleri ve ya\u011flar\u0131 temizlik dostu malzemeler ile temizleyiniz. Tuz ruhu, kire\u00e7 \u00e7\u00f6z\u00fcc\u00fc gibi \u00e7ok a\u011f\u0131r asitler bar\u0131nd\u0131ran temizlik \u00fcr\u00fcnlerini kesinlikle kullanmay\u0131n\u0131z.<\/li>\n<\/ul>\n","protected":false},"excerpt":{"rendered":"<ul>\n<li>CS-01-2 Cerore Seramik T\u00fcrkmen Y\u0131ld\u0131z\u0131 Karo Turkuaz<\/li>\n<li>Karolar\u0131m\u0131z Duvarda Kullan\u0131m \u0130\u00e7in Uygundur, zeminde kullan\u0131lmas\u0131 \u00f6nerilmemektedir<\/li>\n<li>\u00d6zel RAL Koduyla \u0130stenilen renkte \u00fcretim yap\u0131labilmektedir.<\/li>\n<li>m<sup>2<\/sup>\u00a0Olarak da Sat\u0131\u015f\u0131 Yap\u0131labilmektedir m<sup>2<\/sup> de 25 Adet \u00dcr\u00fcn Bulunmaktad\u0131r<\/li>\n<\/ul>\n","protected":false},"featured_media":4228,"comment_status":"closed","ping_status":"closed","template":"","meta":[],"product_brand":[],"product_cat":[240],"product_tag":[295,263,264,272,271,296,294,297],"class_list":{"0":"post-4227","1":"product","2":"type-product","3":"status-publish","4":"has-post-thumbnail","6":"product_cat-ty","7":"product_tag-cerore-turkmen-yildizi-karo","8":"product_tag-iznik-cini","9":"product_tag-kutahya-cinisi","10":"product_tag-seramik-karo","11":"product_tag-tile","12":"product_tag-turkmen-yildizi","13":"product_tag-turkmen-yildizi-karo","14":"product_tag-turkmen-yildizi-serisi","15":"product_shipping_class-1-adet","17":"first","18":"instock","19":"sale","20":"taxable","21":"shipping-taxable","22":"purchasable","23":"product-type-simple"},"_links":{"self":[{"href":"https:\/\/cerore.com\/ar\/wp-json\/wp\/v2\/product\/4227","targetHints":{"allow":["GET"]}}],"collection":[{"href":"https:\/\/cerore.com\/ar\/wp-json\/wp\/v2\/product"}],"about":[{"href":"https:\/\/cerore.com\/ar\/wp-json\/wp\/v2\/types\/product"}],"replies":[{"embeddable":true,"href":"https:\/\/cerore.com\/ar\/wp-json\/wp\/v2\/comments?post=4227"}],"wp:featuredmedia":[{"embeddable":true,"href":"https:\/\/cerore.com\/ar\/wp-json\/wp\/v2\/media\/4228"}],"wp:attachment":[{"href":"https:\/\/cerore.com\/ar\/wp-json\/wp\/v2\/media?parent=4227"}],"wp:term":[{"taxonomy":"product_brand","embeddable":true,"href":"https:\/\/cerore.com\/ar\/wp-json\/wp\/v2\/product_brand?post=4227"},{"taxonomy":"product_cat","embeddable":true,"href":"https:\/\/cerore.com\/ar\/wp-json\/wp\/v2\/product_cat?post=4227"},{"taxonomy":"product_tag","embeddable":true,"href":"https:\/\/cerore.com\/ar\/wp-json\/wp\/v2\/product_tag?post=4227"}],"curies":[{"name":"wp","href":"https:\/\/api.w.org\/{rel}","templated":true}]}}