{"id":4016,"date":"2022-12-26T15:26:41","date_gmt":"2022-12-26T12:26:41","guid":{"rendered":"https:\/\/cerore.com\/?post_type=product&#038;p=4016"},"modified":"2025-02-14T14:31:47","modified_gmt":"2025-02-14T11:31:47","slug":"altigen-karo-zumrut-ye-da-cerore-cs-04-3","status":"publish","type":"product","link":"https:\/\/cerore.com\/ar\/product\/altigen-karo-zumrut-ye-da-cerore-cs-04-3\/","title":{"rendered":"Alt\u0131gen Karo Z\u00fcmr\u00fct Ye\u015fil Damla Cerore Seramik CS-04-3"},"content":{"rendered":"<p style=\"text-align: left;\"><span style=\"font-size: 18px;\"><strong>Cerore Seramik Alt\u0131gen Karo<\/strong><\/span><\/p>\n<p>Cerore Seramik Alt\u0131gen Karolar\u0131m\u0131z e\u015fsiz desen ve renk se\u00e7enekleriyle t\u00fcm mekanlar\u0131n\u0131za h\u00fckmederek stilin ve tarz\u0131n sizi yans\u0131tan t\u00fcm dokunu\u015flar\u0131yla mekanlar\u0131n\u0131z\u0131 \u015f\u0131kl\u0131kla bulu\u015fturacak. T\u00fcm mekanlarda Zemin ve Duvarda kullan\u0131ma uygun olarak \u00fcretilmektedirler.<\/p>\n<p style=\"text-align: left;\">15&#215;17 cm ebatlar\u0131nda 1 adet \u00fcr\u00fcn fiyat\u0131d\u0131r<\/p>\n<p>1 m<sup>2<\/sup> de 53 adet alt\u0131gen karo bulunmaktad\u0131r<\/p>\n<p>Arka taraf\u0131 mat seramik tabanl\u0131 t\u0131rt\u0131kl\u0131 olup \u00f6n y\u00fcz\u00fc\u00a0 parlak yada mat olarak tercih edilebilir.<\/p>\n<p style=\"text-align: left;\"><span style=\"font-size: 18px;\"><strong>Alt\u0131gen Seramik Karolar\u0131m\u0131z\u0131n Uygulama ve Kullan\u0131m Alanlar\u0131<\/strong><\/span><\/p>\n<ul>\n<li style=\"text-align: left;\">Alt\u0131gen karolar\u0131m\u0131z Evinizin Mutfak ve Banyo gibi alanlar\u0131nda kullan\u0131labilmektedir.<\/li>\n<li style=\"text-align: left;\">Alt\u0131gen karolar\u0131m\u0131z\u0131n d\u00fcz modelleri zeminde ve duvarda kullan\u0131ma uygundur. \u015eekilli ve kabart\u0131l\u0131 olan Sel\u00e7uklu, Damla ve \u00c7i\u00e7ek modellerinin duvarlar da kullan\u0131lmas\u0131 \u00f6nerilmekte olup zeminde kullan\u0131lmas\u0131 tavsiye edilmemektedir.<\/li>\n<li style=\"text-align: left;\">Hamam, Spa, Sauna ve Kurna Arkas\u0131 uygulamas\u0131 olarak Kullan\u0131labilmektedir.<\/li>\n<li>\u00dcr\u00fcnlerimizin genelinde artistik bir s\u0131r olan \u00e7atlak s\u0131r kullanmaktay\u0131z. Bu k\u0131lcal \u00e7atlamalar uygulamadan sonra da devam edebilir.<\/li>\n<li>\u00dcr\u00fcnlerimizi flex, derz, dolgu ve seramik yap\u0131\u015ft\u0131r\u0131c\u0131s\u0131 ile i\u00e7 mekanlar\u0131n\u0131zdaki \u0131slak veya kuru alanlarda \u00e7ok rahatl\u0131kla kullanabilirsiniz.<\/li>\n<li>Seramiklerin \u00fczerinde kullan\u0131mdan dolay\u0131 olu\u015facak kirleri ve ya\u011flar\u0131 temizlik dostu malzemeler ile temizleyiniz. Tuz ruhu, kire\u00e7 \u00e7\u00f6z\u00fcc\u00fc gibi \u00e7ok a\u011f\u0131r asitler bar\u0131nd\u0131ran temizlik \u00fcr\u00fcnlerini kesinlikle kullanmay\u0131n\u0131z.<\/li>\n<\/ul>\n","protected":false},"excerpt":{"rendered":"<ul>\n<li>CS-04-3 Cerore Seramik Alt\u0131gen Karo Z\u00fcmr\u00fct Ye\u015fil Damla<\/li>\n<li>\u00dcr\u00fcn Duvarda Kullan\u0131m \u0130\u00e7in Uygundur,\u00a0 Zeminde Kullan\u0131m\u0131 \u00d6nerilmemektedir.<\/li>\n<li>m<sup>2<\/sup>\u00a0Olarak da Sat\u0131\u015f\u0131 Yap\u0131labilmektedir m<sup>2<\/sup>\u00a0de 53 Adet \u00dcr\u00fcn Bulunmaktad\u0131r<\/li>\n<\/ul>\n","protected":false},"featured_media":4017,"comment_status":"closed","ping_status":"closed","template":"","meta":[],"product_brand":[],"product_cat":[231],"product_tag":[267,268,263,264,272,271],"class_list":{"0":"post-4016","1":"product","2":"type-product","3":"status-publish","4":"has-post-thumbnail","6":"product_cat-altigen","7":"product_tag-altigen-karo","8":"product_tag-hexagon-tile","9":"product_tag-iznik-cini","10":"product_tag-kutahya-cinisi","11":"product_tag-seramik-karo","12":"product_tag-tile","13":"product_shipping_class-1-adet","15":"first","16":"instock","17":"sale","18":"taxable","19":"shipping-taxable","20":"purchasable","21":"product-type-simple"},"_links":{"self":[{"href":"https:\/\/cerore.com\/ar\/wp-json\/wp\/v2\/product\/4016","targetHints":{"allow":["GET"]}}],"collection":[{"href":"https:\/\/cerore.com\/ar\/wp-json\/wp\/v2\/product"}],"about":[{"href":"https:\/\/cerore.com\/ar\/wp-json\/wp\/v2\/types\/product"}],"replies":[{"embeddable":true,"href":"https:\/\/cerore.com\/ar\/wp-json\/wp\/v2\/comments?post=4016"}],"wp:featuredmedia":[{"embeddable":true,"href":"https:\/\/cerore.com\/ar\/wp-json\/wp\/v2\/media\/4017"}],"wp:attachment":[{"href":"https:\/\/cerore.com\/ar\/wp-json\/wp\/v2\/media?parent=4016"}],"wp:term":[{"taxonomy":"product_brand","embeddable":true,"href":"https:\/\/cerore.com\/ar\/wp-json\/wp\/v2\/product_brand?post=4016"},{"taxonomy":"product_cat","embeddable":true,"href":"https:\/\/cerore.com\/ar\/wp-json\/wp\/v2\/product_cat?post=4016"},{"taxonomy":"product_tag","embeddable":true,"href":"https:\/\/cerore.com\/ar\/wp-json\/wp\/v2\/product_tag?post=4016"}],"curies":[{"name":"wp","href":"https:\/\/api.w.org\/{rel}","templated":true}]}}