{"id":2054,"date":"2022-03-17T15:53:57","date_gmt":"2022-03-17T12:53:57","guid":{"rendered":"https:\/\/xn--ini-1la.com\/?post_type=product&#038;p=2054"},"modified":"2025-01-15T17:18:01","modified_gmt":"2025-01-15T14:18:01","slug":"ac-56-cini-karolari-20x20","status":"publish","type":"product","link":"https:\/\/cerore.com\/ar\/product\/ac-56-cini-karolari-20x20\/","title":{"rendered":"Cerore Seramik CS-56- \u00c7ini Karo"},"content":{"rendered":"<p style=\"text-align: left;\"><span style=\"font-size: 18px;\"><strong>Desenli \u00c7ini Karo<\/strong><\/span><\/p>\n<p style=\"text-align: left;\">20&#215;20 ebatlar\u0131nda 1 adet \u00fcr\u00fcn fiyat\u0131d\u0131r<\/p>\n<p>1 m<sup>2<\/sup> de 25 adet \u00e7ini karo bulunmaktad\u0131r<\/p>\n<p>Arka taraf\u0131 mat seramik tabanl\u0131 t\u0131rt\u0131kl\u0131 olup \u00f6n y\u00fcz\u00fc s\u0131rl\u0131 parlak cilal\u0131d\u0131r<\/p>\n<p style=\"text-align: left;\"><span style=\"font-size: 18px;\"><strong>\u00c7ini Karolar\u0131m\u0131z\u0131n Kullan\u0131m\u0131 ve Kullan\u0131m Alanlar\u0131<\/strong><\/span><\/p>\n<ul>\n<li style=\"text-align: left;\">\u0130znik ve K\u00fctahya \u00c7ini karolar\u0131m\u0131z Evinizin Mutfak ve Banyo gibi alanlar\u0131nda kullan\u0131labilmektedir.<\/li>\n<li style=\"text-align: left;\">\u00c7ini karolar\u0131m\u0131z S\u0131rl\u0131 olmalar\u0131 sebebi ile duvarda kullan\u0131ma uygundur, zeminde kullan\u0131lmas\u0131 tavsiye edilmemektedir<\/li>\n<li style=\"text-align: left;\">Hamam, Spa, Sauna ve Kurna Arkas\u0131 uygulamas\u0131 olarak Kullan\u0131labilmektedir.<\/li>\n<li style=\"text-align: left;\">Cami Mimarisinde Kullan\u0131ma Uygundur.<\/li>\n<\/ul>\n","protected":false},"excerpt":{"rendered":"<ul>\n<li>CS-56- K\u00fctahya ve \u0130znik Desenli \u00c7ini Karo<\/li>\n<li>\u00dcr\u00fcn Duvarda Kullan\u0131ma Uygundur, Zeminde Kullan\u0131lmas\u0131 \u00d6nerilmemektedir.<\/li>\n<li>m<sup>2<\/sup> Olarak da Sat\u0131\u015f\u0131 Yap\u0131labilmektedir m<sup>2<\/sup> de 25 Adet \u00dcr\u00fcn Bulunmaktad\u0131r<\/li>\n<\/ul>\n","protected":false},"featured_media":3909,"comment_status":"closed","ping_status":"closed","template":"","meta":[],"product_brand":[],"product_cat":[105],"product_tag":[124,106,107,108,109,110,263,111,264,266,265],"class_list":{"0":"post-2054","1":"product","2":"type-product","3":"status-publish","4":"has-post-thumbnail","6":"product_cat-karo20x20","7":"product_tag-ac56","8":"product_tag-camicinileri","9":"product_tag-camikaro","10":"product_tag-camikarolari","11":"product_tag-camimimarisi","12":"product_tag-cini","13":"product_tag-iznik-cini","14":"product_tag-karo","15":"product_tag-kutahya-cinisi","16":"product_tag-otel","17":"product_tag-sauna","18":"product_shipping_class-1-adet","20":"first","21":"instock","22":"sale","23":"taxable","24":"shipping-taxable","25":"purchasable","26":"product-type-simple"},"_links":{"self":[{"href":"https:\/\/cerore.com\/ar\/wp-json\/wp\/v2\/product\/2054","targetHints":{"allow":["GET"]}}],"collection":[{"href":"https:\/\/cerore.com\/ar\/wp-json\/wp\/v2\/product"}],"about":[{"href":"https:\/\/cerore.com\/ar\/wp-json\/wp\/v2\/types\/product"}],"replies":[{"embeddable":true,"href":"https:\/\/cerore.com\/ar\/wp-json\/wp\/v2\/comments?post=2054"}],"wp:featuredmedia":[{"embeddable":true,"href":"https:\/\/cerore.com\/ar\/wp-json\/wp\/v2\/media\/3909"}],"wp:attachment":[{"href":"https:\/\/cerore.com\/ar\/wp-json\/wp\/v2\/media?parent=2054"}],"wp:term":[{"taxonomy":"product_brand","embeddable":true,"href":"https:\/\/cerore.com\/ar\/wp-json\/wp\/v2\/product_brand?post=2054"},{"taxonomy":"product_cat","embeddable":true,"href":"https:\/\/cerore.com\/ar\/wp-json\/wp\/v2\/product_cat?post=2054"},{"taxonomy":"product_tag","embeddable":true,"href":"https:\/\/cerore.com\/ar\/wp-json\/wp\/v2\/product_tag?post=2054"}],"curies":[{"name":"wp","href":"https:\/\/api.w.org\/{rel}","templated":true}]}}